{"id":131,"date":"2018-04-16T15:40:44","date_gmt":"2018-04-16T13:40:44","guid":{"rendered":"https:\/\/dejamobile.com\/?page_id=131"},"modified":"2022-08-30T16:15:59","modified_gmt":"2022-08-30T14:15:59","slug":"nous-contacter","status":"publish","type":"page","link":"https:\/\/dejamobile.com\/fr\/nous-contacter\/","title":{"rendered":"Nous contacter"},"content":{"rendered":"","protected":false},"excerpt":{"rendered":"","protected":false},"author":1,"featured_media":0,"parent":0,"menu_order":63,"comment_status":"closed","ping_status":"closed","template":"page-templates\/tpl-contact.php","meta":{"_acf_changed":false,"inline_featured_image":false,"footnotes":""},"class_list":["post-131","page","type-page","status-publish","hentry"],"acf":[],"yoast_head":"<!-- This site is optimized with the Yoast SEO plugin v24.3 - https:\/\/yoast.com\/wordpress\/plugins\/seo\/ -->\n<title>Contactez-nous pour en savoir plus sur nos services mobiles<\/title>\n<meta name=\"description\" content=\"Contactez Dejamobile, Fintech sp\u00e9cialis\u00e9e dans les services mobiles pour la transaction s\u00e9curis\u00e9e comme le paiement mobile.\" \/>\n<meta name=\"robots\" content=\"index, follow, max-snippet:-1, max-image-preview:large, max-video-preview:-1\" \/>\n<link rel=\"canonical\" href=\"https:\/\/dejamobile.com\/fr\/nous-contacter\/\" \/>\n<meta property=\"og:locale\" content=\"fr_FR\" \/>\n<meta property=\"og:type\" content=\"article\" \/>\n<meta property=\"og:title\" content=\"Contactez-nous pour en savoir plus sur nos services mobiles\" \/>\n<meta property=\"og:description\" content=\"Contactez Dejamobile, Fintech sp\u00e9cialis\u00e9e dans les services mobiles pour la transaction s\u00e9curis\u00e9e comme le paiement mobile.\" \/>\n<meta property=\"og:url\" content=\"https:\/\/dejamobile.com\/fr\/nous-contacter\/\" \/>\n<meta property=\"og:site_name\" content=\"Dejamobile\" \/>\n<meta property=\"article:publisher\" content=\"https:\/\/www.facebook.com\/dejamobile\/\" \/>\n<meta property=\"article:modified_time\" content=\"2022-08-30T14:15:59+00:00\" \/>\n<meta name=\"twitter:card\" content=\"summary_large_image\" \/>\n<script type=\"application\/ld+json\" class=\"yoast-schema-graph\">{\"@context\":\"https:\/\/schema.org\",\"@graph\":[{\"@type\":\"WebPage\",\"@id\":\"https:\/\/dejamobile.com\/fr\/nous-contacter\/\",\"url\":\"https:\/\/dejamobile.com\/fr\/nous-contacter\/\",\"name\":\"Contactez-nous pour en savoir plus sur nos services mobiles\",\"isPartOf\":{\"@id\":\"https:\/\/dejamobile.com\/fr\/#website\"},\"datePublished\":\"2018-04-16T13:40:44+00:00\",\"dateModified\":\"2022-08-30T14:15:59+00:00\",\"description\":\"Contactez Dejamobile, Fintech sp\u00e9cialis\u00e9e dans les services mobiles pour la transaction s\u00e9curis\u00e9e comme le paiement mobile.\",\"breadcrumb\":{\"@id\":\"https:\/\/dejamobile.com\/fr\/nous-contacter\/#breadcrumb\"},\"inLanguage\":\"fr-FR\",\"potentialAction\":[{\"@type\":\"ReadAction\",\"target\":[\"https:\/\/dejamobile.com\/fr\/nous-contacter\/\"]}]},{\"@type\":\"BreadcrumbList\",\"@id\":\"https:\/\/dejamobile.com\/fr\/nous-contacter\/#breadcrumb\",\"itemListElement\":[{\"@type\":\"ListItem\",\"position\":1,\"name\":\"Accueil\",\"item\":\"https:\/\/dejamobile.com\/fr\/\"},{\"@type\":\"ListItem\",\"position\":2,\"name\":\"Nous contacter\"}]},{\"@type\":\"WebSite\",\"@id\":\"https:\/\/dejamobile.com\/fr\/#website\",\"url\":\"https:\/\/dejamobile.com\/fr\/\",\"name\":\"Dejamobile\",\"description\":\"Mobile proximity services made simple\",\"publisher\":{\"@id\":\"https:\/\/dejamobile.com\/fr\/#organization\"},\"potentialAction\":[{\"@type\":\"SearchAction\",\"target\":{\"@type\":\"EntryPoint\",\"urlTemplate\":\"https:\/\/dejamobile.com\/fr\/?s={search_term_string}\"},\"query-input\":{\"@type\":\"PropertyValueSpecification\",\"valueRequired\":true,\"valueName\":\"search_term_string\"}}],\"inLanguage\":\"fr-FR\"},{\"@type\":\"Organization\",\"@id\":\"https:\/\/dejamobile.com\/fr\/#organization\",\"name\":\"DEJAMOBILE\",\"url\":\"https:\/\/dejamobile.com\/fr\/\",\"logo\":{\"@type\":\"ImageObject\",\"inLanguage\":\"fr-FR\",\"@id\":\"https:\/\/dejamobile.com\/fr\/#\/schema\/logo\/image\/\",\"url\":\"https:\/\/dejamobile.com\/wp-content\/uploads\/2018\/07\/logo-dejamobile.png\",\"contentUrl\":\"https:\/\/dejamobile.com\/wp-content\/uploads\/2018\/07\/logo-dejamobile.png\",\"width\":165,\"height\":110,\"caption\":\"DEJAMOBILE\"},\"image\":{\"@id\":\"https:\/\/dejamobile.com\/fr\/#\/schema\/logo\/image\/\"},\"sameAs\":[\"https:\/\/www.facebook.com\/dejamobile\/\",\"https:\/\/www.linkedin.com\/company\/dejamobile\/?originalSubdomain=fr\",\"https:\/\/www.youtube.com\/watch?v=TcmXReuS5cU\"]}]}<\/script>\n<!-- \/ Yoast SEO plugin. -->","yoast_head_json":{"title":"Contactez-nous pour en savoir plus sur nos services mobiles","description":"Contactez Dejamobile, Fintech sp\u00e9cialis\u00e9e dans les services mobiles pour la transaction s\u00e9curis\u00e9e comme le paiement mobile.","robots":{"index":"index","follow":"follow","max-snippet":"max-snippet:-1","max-image-preview":"max-image-preview:large","max-video-preview":"max-video-preview:-1"},"canonical":"https:\/\/dejamobile.com\/fr\/nous-contacter\/","og_locale":"fr_FR","og_type":"article","og_title":"Contactez-nous pour en savoir plus sur nos services mobiles","og_description":"Contactez Dejamobile, Fintech sp\u00e9cialis\u00e9e dans les services mobiles pour la transaction s\u00e9curis\u00e9e comme le paiement mobile.","og_url":"https:\/\/dejamobile.com\/fr\/nous-contacter\/","og_site_name":"Dejamobile","article_publisher":"https:\/\/www.facebook.com\/dejamobile\/","article_modified_time":"2022-08-30T14:15:59+00:00","twitter_card":"summary_large_image","schema":{"@context":"https:\/\/schema.org","@graph":[{"@type":"WebPage","@id":"https:\/\/dejamobile.com\/fr\/nous-contacter\/","url":"https:\/\/dejamobile.com\/fr\/nous-contacter\/","name":"Contactez-nous pour en savoir plus sur nos services mobiles","isPartOf":{"@id":"https:\/\/dejamobile.com\/fr\/#website"},"datePublished":"2018-04-16T13:40:44+00:00","dateModified":"2022-08-30T14:15:59+00:00","description":"Contactez Dejamobile, Fintech sp\u00e9cialis\u00e9e dans les services mobiles pour la transaction s\u00e9curis\u00e9e comme le paiement mobile.","breadcrumb":{"@id":"https:\/\/dejamobile.com\/fr\/nous-contacter\/#breadcrumb"},"inLanguage":"fr-FR","potentialAction":[{"@type":"ReadAction","target":["https:\/\/dejamobile.com\/fr\/nous-contacter\/"]}]},{"@type":"BreadcrumbList","@id":"https:\/\/dejamobile.com\/fr\/nous-contacter\/#breadcrumb","itemListElement":[{"@type":"ListItem","position":1,"name":"Accueil","item":"https:\/\/dejamobile.com\/fr\/"},{"@type":"ListItem","position":2,"name":"Nous contacter"}]},{"@type":"WebSite","@id":"https:\/\/dejamobile.com\/fr\/#website","url":"https:\/\/dejamobile.com\/fr\/","name":"Dejamobile","description":"Mobile proximity services made simple","publisher":{"@id":"https:\/\/dejamobile.com\/fr\/#organization"},"potentialAction":[{"@type":"SearchAction","target":{"@type":"EntryPoint","urlTemplate":"https:\/\/dejamobile.com\/fr\/?s={search_term_string}"},"query-input":{"@type":"PropertyValueSpecification","valueRequired":true,"valueName":"search_term_string"}}],"inLanguage":"fr-FR"},{"@type":"Organization","@id":"https:\/\/dejamobile.com\/fr\/#organization","name":"DEJAMOBILE","url":"https:\/\/dejamobile.com\/fr\/","logo":{"@type":"ImageObject","inLanguage":"fr-FR","@id":"https:\/\/dejamobile.com\/fr\/#\/schema\/logo\/image\/","url":"https:\/\/dejamobile.com\/wp-content\/uploads\/2018\/07\/logo-dejamobile.png","contentUrl":"https:\/\/dejamobile.com\/wp-content\/uploads\/2018\/07\/logo-dejamobile.png","width":165,"height":110,"caption":"DEJAMOBILE"},"image":{"@id":"https:\/\/dejamobile.com\/fr\/#\/schema\/logo\/image\/"},"sameAs":["https:\/\/www.facebook.com\/dejamobile\/","https:\/\/www.linkedin.com\/company\/dejamobile\/?originalSubdomain=fr","https:\/\/www.youtube.com\/watch?v=TcmXReuS5cU"]}]}},"_links":{"self":[{"href":"https:\/\/dejamobile.com\/fr\/wp-json\/wp\/v2\/pages\/131","targetHints":{"allow":["GET"]}}],"collection":[{"href":"https:\/\/dejamobile.com\/fr\/wp-json\/wp\/v2\/pages"}],"about":[{"href":"https:\/\/dejamobile.com\/fr\/wp-json\/wp\/v2\/types\/page"}],"author":[{"embeddable":true,"href":"https:\/\/dejamobile.com\/fr\/wp-json\/wp\/v2\/users\/1"}],"replies":[{"embeddable":true,"href":"https:\/\/dejamobile.com\/fr\/wp-json\/wp\/v2\/comments?post=131"}],"version-history":[{"count":0,"href":"https:\/\/dejamobile.com\/fr\/wp-json\/wp\/v2\/pages\/131\/revisions"}],"wp:attachment":[{"href":"https:\/\/dejamobile.com\/fr\/wp-json\/wp\/v2\/media?parent=131"}],"curies":[{"name":"wp","href":"https:\/\/api.w.org\/{rel}","templated":true}]}}