{"id":16967,"date":"2018-04-16T15:40:44","date_gmt":"2018-04-16T13:40:44","guid":{"rendered":"https:\/\/dejamobile.com\/nous-contacter\/"},"modified":"2023-02-08T12:23:02","modified_gmt":"2023-02-08T11:23:02","slug":"entre-em-contato-conosco","status":"publish","type":"page","link":"https:\/\/dejamobile.com\/pt-br\/entre-em-contato-conosco\/","title":{"rendered":"Contacte-nos"},"content":{"rendered":"","protected":false},"excerpt":{"rendered":"","protected":false},"author":1,"featured_media":0,"parent":0,"menu_order":63,"comment_status":"closed","ping_status":"closed","template":"page-templates\/tpl-contact.php","meta":{"_acf_changed":false,"inline_featured_image":false,"footnotes":""},"class_list":["post-16967","page","type-page","status-publish","hentry"],"acf":[],"yoast_head":"<!-- This site is optimized with the Yoast SEO plugin v24.3 - https:\/\/yoast.com\/wordpress\/plugins\/seo\/ -->\n<title>Contacte-nos para saber mais sobre os nossos servi\u00e7os m\u00f3veis<\/title>\n<meta name=\"description\" content=\"Contacte a Dejamobile, uma fintech especializada em servi\u00e7os m\u00f3veis para transac\u00e7\u00f5es seguras, tais como pagamentos m\u00f3veis.\" \/>\n<meta name=\"robots\" content=\"index, follow, max-snippet:-1, max-image-preview:large, max-video-preview:-1\" \/>\n<link rel=\"canonical\" href=\"https:\/\/dejamobile.com\/pt-br\/entre-em-contato-conosco\/\" \/>\n<meta property=\"og:locale\" content=\"pt_BR\" \/>\n<meta property=\"og:type\" content=\"article\" \/>\n<meta property=\"og:title\" content=\"Contacte-nos para saber mais sobre os nossos servi\u00e7os m\u00f3veis\" \/>\n<meta property=\"og:description\" content=\"Contacte a Dejamobile, uma fintech especializada em servi\u00e7os m\u00f3veis para transac\u00e7\u00f5es seguras, tais como pagamentos m\u00f3veis.\" \/>\n<meta property=\"og:url\" content=\"https:\/\/dejamobile.com\/pt-br\/entre-em-contato-conosco\/\" \/>\n<meta property=\"og:site_name\" content=\"Dejamobile\" \/>\n<meta property=\"article:publisher\" content=\"https:\/\/www.facebook.com\/dejamobile\/\" \/>\n<meta property=\"article:modified_time\" content=\"2023-02-08T11:23:02+00:00\" \/>\n<meta name=\"twitter:card\" content=\"summary_large_image\" \/>\n<script type=\"application\/ld+json\" class=\"yoast-schema-graph\">{\"@context\":\"https:\/\/schema.org\",\"@graph\":[{\"@type\":\"WebPage\",\"@id\":\"https:\/\/dejamobile.com\/pt-br\/entre-em-contato-conosco\/\",\"url\":\"https:\/\/dejamobile.com\/pt-br\/entre-em-contato-conosco\/\",\"name\":\"Contacte-nos para saber mais sobre os nossos servi\u00e7os m\u00f3veis\",\"isPartOf\":{\"@id\":\"https:\/\/dejamobile.com\/pt-br\/#website\"},\"datePublished\":\"2018-04-16T13:40:44+00:00\",\"dateModified\":\"2023-02-08T11:23:02+00:00\",\"description\":\"Contacte a Dejamobile, uma fintech especializada em servi\u00e7os m\u00f3veis para transac\u00e7\u00f5es seguras, tais como pagamentos m\u00f3veis.\",\"breadcrumb\":{\"@id\":\"https:\/\/dejamobile.com\/pt-br\/entre-em-contato-conosco\/#breadcrumb\"},\"inLanguage\":\"pt-BR\",\"potentialAction\":[{\"@type\":\"ReadAction\",\"target\":[\"https:\/\/dejamobile.com\/pt-br\/entre-em-contato-conosco\/\"]}]},{\"@type\":\"BreadcrumbList\",\"@id\":\"https:\/\/dejamobile.com\/pt-br\/entre-em-contato-conosco\/#breadcrumb\",\"itemListElement\":[{\"@type\":\"ListItem\",\"position\":1,\"name\":\"Accueil\",\"item\":\"https:\/\/dejamobile.com\/pt-br\/\"},{\"@type\":\"ListItem\",\"position\":2,\"name\":\"Contacte-nos\"}]},{\"@type\":\"WebSite\",\"@id\":\"https:\/\/dejamobile.com\/pt-br\/#website\",\"url\":\"https:\/\/dejamobile.com\/pt-br\/\",\"name\":\"Dejamobile\",\"description\":\"Mobile proximity services made simple\",\"publisher\":{\"@id\":\"https:\/\/dejamobile.com\/pt-br\/#organization\"},\"potentialAction\":[{\"@type\":\"SearchAction\",\"target\":{\"@type\":\"EntryPoint\",\"urlTemplate\":\"https:\/\/dejamobile.com\/pt-br\/?s={search_term_string}\"},\"query-input\":{\"@type\":\"PropertyValueSpecification\",\"valueRequired\":true,\"valueName\":\"search_term_string\"}}],\"inLanguage\":\"pt-BR\"},{\"@type\":\"Organization\",\"@id\":\"https:\/\/dejamobile.com\/pt-br\/#organization\",\"name\":\"DEJAMOBILE\",\"url\":\"https:\/\/dejamobile.com\/pt-br\/\",\"logo\":{\"@type\":\"ImageObject\",\"inLanguage\":\"pt-BR\",\"@id\":\"https:\/\/dejamobile.com\/pt-br\/#\/schema\/logo\/image\/\",\"url\":\"https:\/\/dejamobile.com\/wp-content\/uploads\/2018\/07\/logo-dejamobile.png\",\"contentUrl\":\"https:\/\/dejamobile.com\/wp-content\/uploads\/2018\/07\/logo-dejamobile.png\",\"width\":165,\"height\":110,\"caption\":\"DEJAMOBILE\"},\"image\":{\"@id\":\"https:\/\/dejamobile.com\/pt-br\/#\/schema\/logo\/image\/\"},\"sameAs\":[\"https:\/\/www.facebook.com\/dejamobile\/\",\"https:\/\/www.linkedin.com\/company\/dejamobile\/?originalSubdomain=fr\",\"https:\/\/www.youtube.com\/watch?v=TcmXReuS5cU\"]}]}<\/script>\n<!-- \/ Yoast SEO plugin. -->","yoast_head_json":{"title":"Contacte-nos para saber mais sobre os nossos servi\u00e7os m\u00f3veis","description":"Contacte a Dejamobile, uma fintech especializada em servi\u00e7os m\u00f3veis para transac\u00e7\u00f5es seguras, tais como pagamentos m\u00f3veis.","robots":{"index":"index","follow":"follow","max-snippet":"max-snippet:-1","max-image-preview":"max-image-preview:large","max-video-preview":"max-video-preview:-1"},"canonical":"https:\/\/dejamobile.com\/pt-br\/entre-em-contato-conosco\/","og_locale":"pt_BR","og_type":"article","og_title":"Contacte-nos para saber mais sobre os nossos servi\u00e7os m\u00f3veis","og_description":"Contacte a Dejamobile, uma fintech especializada em servi\u00e7os m\u00f3veis para transac\u00e7\u00f5es seguras, tais como pagamentos m\u00f3veis.","og_url":"https:\/\/dejamobile.com\/pt-br\/entre-em-contato-conosco\/","og_site_name":"Dejamobile","article_publisher":"https:\/\/www.facebook.com\/dejamobile\/","article_modified_time":"2023-02-08T11:23:02+00:00","twitter_card":"summary_large_image","schema":{"@context":"https:\/\/schema.org","@graph":[{"@type":"WebPage","@id":"https:\/\/dejamobile.com\/pt-br\/entre-em-contato-conosco\/","url":"https:\/\/dejamobile.com\/pt-br\/entre-em-contato-conosco\/","name":"Contacte-nos para saber mais sobre os nossos servi\u00e7os m\u00f3veis","isPartOf":{"@id":"https:\/\/dejamobile.com\/pt-br\/#website"},"datePublished":"2018-04-16T13:40:44+00:00","dateModified":"2023-02-08T11:23:02+00:00","description":"Contacte a Dejamobile, uma fintech especializada em servi\u00e7os m\u00f3veis para transac\u00e7\u00f5es seguras, tais como pagamentos m\u00f3veis.","breadcrumb":{"@id":"https:\/\/dejamobile.com\/pt-br\/entre-em-contato-conosco\/#breadcrumb"},"inLanguage":"pt-BR","potentialAction":[{"@type":"ReadAction","target":["https:\/\/dejamobile.com\/pt-br\/entre-em-contato-conosco\/"]}]},{"@type":"BreadcrumbList","@id":"https:\/\/dejamobile.com\/pt-br\/entre-em-contato-conosco\/#breadcrumb","itemListElement":[{"@type":"ListItem","position":1,"name":"Accueil","item":"https:\/\/dejamobile.com\/pt-br\/"},{"@type":"ListItem","position":2,"name":"Contacte-nos"}]},{"@type":"WebSite","@id":"https:\/\/dejamobile.com\/pt-br\/#website","url":"https:\/\/dejamobile.com\/pt-br\/","name":"Dejamobile","description":"Mobile proximity services made simple","publisher":{"@id":"https:\/\/dejamobile.com\/pt-br\/#organization"},"potentialAction":[{"@type":"SearchAction","target":{"@type":"EntryPoint","urlTemplate":"https:\/\/dejamobile.com\/pt-br\/?s={search_term_string}"},"query-input":{"@type":"PropertyValueSpecification","valueRequired":true,"valueName":"search_term_string"}}],"inLanguage":"pt-BR"},{"@type":"Organization","@id":"https:\/\/dejamobile.com\/pt-br\/#organization","name":"DEJAMOBILE","url":"https:\/\/dejamobile.com\/pt-br\/","logo":{"@type":"ImageObject","inLanguage":"pt-BR","@id":"https:\/\/dejamobile.com\/pt-br\/#\/schema\/logo\/image\/","url":"https:\/\/dejamobile.com\/wp-content\/uploads\/2018\/07\/logo-dejamobile.png","contentUrl":"https:\/\/dejamobile.com\/wp-content\/uploads\/2018\/07\/logo-dejamobile.png","width":165,"height":110,"caption":"DEJAMOBILE"},"image":{"@id":"https:\/\/dejamobile.com\/pt-br\/#\/schema\/logo\/image\/"},"sameAs":["https:\/\/www.facebook.com\/dejamobile\/","https:\/\/www.linkedin.com\/company\/dejamobile\/?originalSubdomain=fr","https:\/\/www.youtube.com\/watch?v=TcmXReuS5cU"]}]}},"_links":{"self":[{"href":"https:\/\/dejamobile.com\/pt-br\/wp-json\/wp\/v2\/pages\/16967","targetHints":{"allow":["GET"]}}],"collection":[{"href":"https:\/\/dejamobile.com\/pt-br\/wp-json\/wp\/v2\/pages"}],"about":[{"href":"https:\/\/dejamobile.com\/pt-br\/wp-json\/wp\/v2\/types\/page"}],"author":[{"embeddable":true,"href":"https:\/\/dejamobile.com\/pt-br\/wp-json\/wp\/v2\/users\/1"}],"replies":[{"embeddable":true,"href":"https:\/\/dejamobile.com\/pt-br\/wp-json\/wp\/v2\/comments?post=16967"}],"version-history":[{"count":0,"href":"https:\/\/dejamobile.com\/pt-br\/wp-json\/wp\/v2\/pages\/16967\/revisions"}],"wp:attachment":[{"href":"https:\/\/dejamobile.com\/pt-br\/wp-json\/wp\/v2\/media?parent=16967"}],"curies":[{"name":"wp","href":"https:\/\/api.w.org\/{rel}","templated":true}]}}